{"id":84951,"date":"2021-06-07T09:40:00","date_gmt":"2021-06-07T09:40:00","guid":{"rendered":"https:\/\/caredanmark.co\/?page_id=84951"},"modified":"2021-06-25T08:16:56","modified_gmt":"2021-06-25T08:16:56","slug":"historier","status":"publish","type":"page","link":"https:\/\/caredanmark.co\/index.php\/historier\/","title":{"rendered":"Historier"},"content":{"rendered":"<div class=\"wpb-content-wrapper\"><p>[vc_row row_height_percent=&#8221;60&#8243; override_padding=&#8221;yes&#8221; h_padding=&#8221;2&#8243; top_padding=&#8221;4&#8243; bottom_padding=&#8221;4&#8243; back_color=&#8221;accent&#8221; back_image=&#8221;85042&#8243; overlay_color=&#8221;accent&#8221; overlay_alpha=&#8221;80&#8243; equal_height=&#8221;yes&#8221; gutter_size=&#8221;3&#8243; column_width_percent=&#8221;100&#8243; shift_y=&#8221;0&#8243; z_index=&#8221;0&#8243; top_divider=&#8221;gradient&#8221; bottom_divider=&#8221;gradient&#8221;][vc_column column_width_percent=&#8221;100&#8243; position_vertical=&#8221;bottom&#8221; gutter_size=&#8221;3&#8243; style=&#8221;dark&#8221; overlay_alpha=&#8221;50&#8243; shift_x=&#8221;0&#8243; shift_y=&#8221;0&#8243; shift_y_down=&#8221;0&#8243; z_index=&#8221;0&#8243; medium_width=&#8221;0&#8243; mobile_width=&#8221;0&#8243; width=&#8221;1\/1&#8243;][vc_row_inner row_inner_height_percent=&#8221;0&#8243; overlay_alpha=&#8221;50&#8243; gutter_size=&#8221;3&#8243; shift_y=&#8221;0&#8243; limit_content=&#8221;&#8221;][vc_column_inner column_width_percent=&#8221;100&#8243; gutter_size=&#8221;3&#8243; style=&#8221;dark&#8221; overlay_alpha=&#8221;50&#8243; shift_x=&#8221;0&#8243; shift_y=&#8221;0&#8243; shift_y_down=&#8221;0&#8243; z_index=&#8221;0&#8243; medium_width=&#8221;0&#8243; mobile_width=&#8221;0&#8243; css_animation=&#8221;alpha-anim&#8221; animation_delay=&#8221;200&#8243; width=&#8221;9\/12&#8243;][vc_custom_heading heading_semantic=&#8221;h1&#8243; text_font=&#8221;font-606691&#8243; text_size=&#8221;&#8221; css_animation=&#8221;left-t-right&#8221;]Vi har snakket med seks mennesker fra Kenya og Danmark om klimaretf\u00e6rdighed.<\/p>\n<p><strong><span class=\"heading-text-highlight \" data-atts='{\"bg\":\"style-color-xsdn-bg\",\"height\":\"15%\",\"offset\":\"0.15em\",\"opacity\":\"0.25\",\"animated\":\"yes\"}'>M\u00f8d dem her.<\/span><\/strong>[\/vc_custom_heading][\/vc_column_inner][vc_column_inner width=&#8221;3\/12&#8243;][\/vc_column_inner][\/vc_row_inner][\/vc_column][\/vc_row][vc_row row_height_percent=&#8221;50&#8243; override_padding=&#8221;yes&#8221; h_padding=&#8221;2&#8243; top_padding=&#8221;5&#8243; bottom_padding=&#8221;2&#8243; overlay_alpha=&#8221;50&#8243; gutter_size=&#8221;4&#8243; column_width_percent=&#8221;100&#8243; shift_y=&#8221;0&#8243; z_index=&#8221;0&#8243; el_class=&#8221;inverted-device-order&#8221;][vc_column column_width_use_pixel=&#8221;yes&#8221; position_vertical=&#8221;middle&#8221; gutter_size=&#8221;2&#8243; overlay_alpha=&#8221;50&#8243; shift_x=&#8221;0&#8243; shift_y=&#8221;0&#8243; shift_y_down=&#8221;0&#8243; z_index=&#8221;0&#8243; medium_width=&#8221;0&#8243; mobile_width=&#8221;0&#8243; width=&#8221;1\/2&#8243; column_width_pixel=&#8221;900&#8243;][vc_custom_heading heading_semantic=&#8221;h6&#8243; text_size=&#8221;h5&#8243; text_transform=&#8221;uppercase&#8221; text_color=&#8221;accent&#8221;]<\/p>\n<div>ANSVAR OG MEDMENNESKELIGHED<\/div>\n<p>[\/vc_custom_heading][vc_custom_heading heading_semantic=&#8221;h3&#8243; text_font=&#8221;font-606691&#8243; text_size=&#8221;h1&#8243; subheading=&#8221;\u201cDet er vigtigt at k\u00e6mpe for klimaretf\u00e6rdighed, fordi det egentlig bare er at v\u00e6re medmenneskelig.\u201d<\/p>\n<p>Nkamunu og Thea er begge klimaaktivister. De lever i hver sin del af verden og rammes forskelligt af klimakrisen, men er enige om, hvad der skal til: Vi skal erkende problemet og tage ansvar.&#8221;]Nkamunu og Thea[\/vc_custom_heading][vc_button button_color=&#8221;accent&#8221; border_width=&#8221;0&#8243; link=&#8221;url:https%3A%2F%2Fcaredanmark.co%2Findex.php%2Fportfolio%2Fnkamunu-og-thea%2F|title:Nkamunu%20og%20Thea&#8221;]Se videoen[\/vc_button][\/vc_column][vc_column width=&#8221;1\/2&#8243;][vc_single_image media=&#8221;85019&#8243; media_lightbox=&#8221;yes&#8221; media_poster=&#8221;yes&#8221; media_width_percent=&#8221;100&#8243; media_ratio=&#8221;four-three&#8221;][\/vc_column][\/vc_row][vc_row row_height_percent=&#8221;50&#8243; override_padding=&#8221;yes&#8221; h_padding=&#8221;2&#8243; top_padding=&#8221;2&#8243; bottom_padding=&#8221;2&#8243; overlay_alpha=&#8221;50&#8243; gutter_size=&#8221;4&#8243; column_width_percent=&#8221;100&#8243; shift_y=&#8221;0&#8243; z_index=&#8221;0&#8243;][vc_column width=&#8221;1\/2&#8243;][vc_single_image media=&#8221;85016&#8243; media_width_percent=&#8221;100&#8243; media_ratio=&#8221;four-three&#8221;][\/vc_column][vc_column column_width_use_pixel=&#8221;yes&#8221; position_vertical=&#8221;middle&#8221; gutter_size=&#8221;2&#8243; overlay_alpha=&#8221;50&#8243; shift_x=&#8221;0&#8243; shift_y=&#8221;0&#8243; shift_y_down=&#8221;0&#8243; z_index=&#8221;0&#8243; medium_width=&#8221;0&#8243; mobile_width=&#8221;0&#8243; width=&#8221;1\/2&#8243; column_width_pixel=&#8221;900&#8243;][vc_custom_heading heading_semantic=&#8221;h6&#8243; text_size=&#8221;h5&#8243; text_transform=&#8221;uppercase&#8221; text_color=&#8221;accent&#8221;]AT ST\u00d8TTE OG LYTTE[\/vc_custom_heading][vc_custom_heading heading_semantic=&#8221;h3&#8243; text_font=&#8221;font-606691&#8243; text_size=&#8221;h1&#8243; subheading=&#8221;\u201cVi b\u00f8nder er dem, der m\u00e6rker klimaforandringerne som de f\u00f8rste.\u201d<\/p>\n<p>Tumal og Kim lever begge af deres jord. Tumal driver sit landbrug i Kenya, mens Kim har et landbrug i Danmark. De oplever begge hvordan klimaforandringer p\u00e5virker deres landbrug.&#8221;]Kim og Tumal[\/vc_custom_heading][vc_button button_color=&#8221;accent&#8221; border_width=&#8221;0&#8243; link=&#8221;url:https%3A%2F%2Fcaredanmark.co%2Findex.php%2Fportfolio%2Ftumal-og-kim%2F|title:Tumal%20og%20Kim&#8221;]Se videoen[\/vc_button][\/vc_column][\/vc_row][vc_row row_height_percent=&#8221;50&#8243; override_padding=&#8221;yes&#8221; h_padding=&#8221;2&#8243; top_padding=&#8221;2&#8243; bottom_padding=&#8221;5&#8243; overlay_alpha=&#8221;50&#8243; gutter_size=&#8221;4&#8243; column_width_percent=&#8221;100&#8243; shift_y=&#8221;0&#8243; z_index=&#8221;0&#8243; el_class=&#8221;inverted-device-order&#8221;][vc_column column_width_use_pixel=&#8221;yes&#8221; position_vertical=&#8221;middle&#8221; gutter_size=&#8221;2&#8243; overlay_alpha=&#8221;50&#8243; shift_x=&#8221;0&#8243; shift_y=&#8221;0&#8243; shift_y_down=&#8221;0&#8243; z_index=&#8221;0&#8243; medium_width=&#8221;0&#8243; mobile_width=&#8221;0&#8243; width=&#8221;1\/2&#8243; column_width_pixel=&#8221;900&#8243;][vc_custom_heading heading_semantic=&#8221;h6&#8243; text_size=&#8221;h5&#8243; text_transform=&#8221;uppercase&#8221; text_color=&#8221;accent&#8221;]Lokalt Forankret[\/vc_custom_heading][vc_custom_heading heading_semantic=&#8221;h3&#8243; text_font=&#8221;font-606691&#8243; text_size=&#8221;h1&#8243; subheading=&#8221;\u201cDen gr\u00f8nne omstilling er ikke en eksklusiv klub, det er noget vi alle sammen skal v\u00e6re med i.\u201d<\/p>\n<p>Raya og Helle fort\u00e6ller her om deres kamp for at styre den gr\u00f8nne omstilling nedefra, og hvor vigtigt det er, at forandring kommer fra folket.&#8221;]Helle og Raya[\/vc_custom_heading][vc_button button_color=&#8221;accent&#8221; border_width=&#8221;0&#8243; link=&#8221;url:https%3A%2F%2Fcaredanmark.co%2Findex.php%2Fportfolio%2Fraya-og-helle%2F|title:Raya%20og%20Helle&#8221;]Se videoen[\/vc_button][\/vc_column][vc_column width=&#8221;1\/2&#8243;][vc_single_image media=&#8221;85032&#8243; media_lightbox=&#8221;yes&#8221; media_poster=&#8221;yes&#8221; media_width_percent=&#8221;100&#8243; media_ratio=&#8221;four-three&#8221;][\/vc_column][\/vc_row]<\/p>\n<\/div>","protected":false},"excerpt":{"rendered":"<p>[vc_row row_height_percent=&#8221;60&#8243; override_padding=&#8221;yes&#8221; h_padding=&#8221;2&#8243; top_padding=&#8221;4&#8243; bottom_padding=&#8221;4&#8243; back_color=&#8221;accent&#8221; back_image=&#8221;85042&#8243; overlay_color=&#8221;accent&#8221; overlay_alpha=&#8221;80&#8243; equal_height=&#8221;yes&#8221; gutter_size=&#8221;3&#8243; column_width_percent=&#8221;100&#8243; shift_y=&#8221;0&#8243; z_index=&#8221;0&#8243; top_divider=&#8221;gradient&#8221; bottom_divider=&#8221;gradient&#8221;][vc_column column_width_percent=&#8221;100&#8243; position_vertical=&#8221;bottom&#8221; gutter_size=&#8221;3&#8243; [&hellip;]<\/p>\n","protected":false},"author":2,"featured_media":0,"parent":0,"menu_order":0,"comment_status":"closed","ping_status":"closed","template":"","meta":{"_monsterinsights_skip_tracking":false,"_monsterinsights_sitenote_active":false,"_monsterinsights_sitenote_note":"","_monsterinsights_sitenote_category":0,"footnotes":""},"class_list":["post-84951","page","type-page","status-publish","hentry"],"yoast_head":"<!-- This site is optimized with the Yoast SEO plugin v24.3 - https:\/\/yoast.com\/wordpress\/plugins\/seo\/ -->\n<title>Historier - Act Now for Klimaretf\u00e6rdighed<\/title>\n<meta name=\"robots\" content=\"index, follow, max-snippet:-1, max-image-preview:large, max-video-preview:-1\" \/>\n<link rel=\"canonical\" href=\"https:\/\/caredanmark.co\/index.php\/historier\/\" \/>\n<meta property=\"og:locale\" content=\"da_DK\" \/>\n<meta property=\"og:type\" content=\"article\" \/>\n<meta property=\"og:title\" content=\"Historier - Act Now for Klimaretf\u00e6rdighed\" \/>\n<meta property=\"og:description\" content=\"[vc_row row_height_percent=&#8221;60&#8243; override_padding=&#8221;yes&#8221; h_padding=&#8221;2&#8243; top_padding=&#8221;4&#8243; bottom_padding=&#8221;4&#8243; back_color=&#8221;accent&#8221; back_image=&#8221;85042&#8243; overlay_color=&#8221;accent&#8221; overlay_alpha=&#8221;80&#8243; equal_height=&#8221;yes&#8221; gutter_size=&#8221;3&#8243; column_width_percent=&#8221;100&#8243; shift_y=&#8221;0&#8243; z_index=&#8221;0&#8243; top_divider=&#8221;gradient&#8221; bottom_divider=&#8221;gradient&#8221;][vc_column column_width_percent=&#8221;100&#8243; position_vertical=&#8221;bottom&#8221; gutter_size=&#8221;3&#8243; [&hellip;]\" \/>\n<meta property=\"og:url\" content=\"https:\/\/caredanmark.co\/index.php\/historier\/\" \/>\n<meta property=\"og:site_name\" content=\"Act Now for Klimaretf\u00e6rdighed\" \/>\n<meta property=\"article:modified_time\" content=\"2021-06-25T08:16:56+00:00\" \/>\n<meta name=\"twitter:card\" content=\"summary_large_image\" \/>\n<meta name=\"twitter:label1\" content=\"Estimeret l\u00e6setid\" \/>\n\t<meta name=\"twitter:data1\" content=\"2 minutter\" \/>\n<script type=\"application\/ld+json\" class=\"yoast-schema-graph\">{\"@context\":\"https:\/\/schema.org\",\"@graph\":[{\"@type\":\"WebPage\",\"@id\":\"https:\/\/caredanmark.co\/index.php\/historier\/\",\"url\":\"https:\/\/caredanmark.co\/index.php\/historier\/\",\"name\":\"Historier - Act Now for Klimaretf\u00e6rdighed\",\"isPartOf\":{\"@id\":\"https:\/\/caredanmark.co\/#website\"},\"datePublished\":\"2021-06-07T09:40:00+00:00\",\"dateModified\":\"2021-06-25T08:16:56+00:00\",\"breadcrumb\":{\"@id\":\"https:\/\/caredanmark.co\/index.php\/historier\/#breadcrumb\"},\"inLanguage\":\"da-DK\",\"potentialAction\":[{\"@type\":\"ReadAction\",\"target\":[\"https:\/\/caredanmark.co\/index.php\/historier\/\"]}]},{\"@type\":\"BreadcrumbList\",\"@id\":\"https:\/\/caredanmark.co\/index.php\/historier\/#breadcrumb\",\"itemListElement\":[{\"@type\":\"ListItem\",\"position\":1,\"name\":\"Home\",\"item\":\"https:\/\/caredanmark.co\/\"},{\"@type\":\"ListItem\",\"position\":2,\"name\":\"Historier\"}]},{\"@type\":\"WebSite\",\"@id\":\"https:\/\/caredanmark.co\/#website\",\"url\":\"https:\/\/caredanmark.co\/\",\"name\":\"Act Now for Klimaretf\u00e6rdighed\",\"description\":\"Det er den samme storm men vi er ikke i samme b\u00e5d\",\"potentialAction\":[{\"@type\":\"SearchAction\",\"target\":{\"@type\":\"EntryPoint\",\"urlTemplate\":\"https:\/\/caredanmark.co\/?s={search_term_string}\"},\"query-input\":{\"@type\":\"PropertyValueSpecification\",\"valueRequired\":true,\"valueName\":\"search_term_string\"}}],\"inLanguage\":\"da-DK\"}]}<\/script>\n<!-- \/ Yoast SEO plugin. -->","yoast_head_json":{"title":"Historier - Act Now for Klimaretf\u00e6rdighed","robots":{"index":"index","follow":"follow","max-snippet":"max-snippet:-1","max-image-preview":"max-image-preview:large","max-video-preview":"max-video-preview:-1"},"canonical":"https:\/\/caredanmark.co\/index.php\/historier\/","og_locale":"da_DK","og_type":"article","og_title":"Historier - Act Now for Klimaretf\u00e6rdighed","og_description":"[vc_row row_height_percent=&#8221;60&#8243; override_padding=&#8221;yes&#8221; h_padding=&#8221;2&#8243; top_padding=&#8221;4&#8243; bottom_padding=&#8221;4&#8243; back_color=&#8221;accent&#8221; back_image=&#8221;85042&#8243; overlay_color=&#8221;accent&#8221; overlay_alpha=&#8221;80&#8243; equal_height=&#8221;yes&#8221; gutter_size=&#8221;3&#8243; column_width_percent=&#8221;100&#8243; shift_y=&#8221;0&#8243; z_index=&#8221;0&#8243; top_divider=&#8221;gradient&#8221; bottom_divider=&#8221;gradient&#8221;][vc_column column_width_percent=&#8221;100&#8243; position_vertical=&#8221;bottom&#8221; gutter_size=&#8221;3&#8243; [&hellip;]","og_url":"https:\/\/caredanmark.co\/index.php\/historier\/","og_site_name":"Act Now for Klimaretf\u00e6rdighed","article_modified_time":"2021-06-25T08:16:56+00:00","twitter_card":"summary_large_image","twitter_misc":{"Estimeret l\u00e6setid":"2 minutter"},"schema":{"@context":"https:\/\/schema.org","@graph":[{"@type":"WebPage","@id":"https:\/\/caredanmark.co\/index.php\/historier\/","url":"https:\/\/caredanmark.co\/index.php\/historier\/","name":"Historier - Act Now for Klimaretf\u00e6rdighed","isPartOf":{"@id":"https:\/\/caredanmark.co\/#website"},"datePublished":"2021-06-07T09:40:00+00:00","dateModified":"2021-06-25T08:16:56+00:00","breadcrumb":{"@id":"https:\/\/caredanmark.co\/index.php\/historier\/#breadcrumb"},"inLanguage":"da-DK","potentialAction":[{"@type":"ReadAction","target":["https:\/\/caredanmark.co\/index.php\/historier\/"]}]},{"@type":"BreadcrumbList","@id":"https:\/\/caredanmark.co\/index.php\/historier\/#breadcrumb","itemListElement":[{"@type":"ListItem","position":1,"name":"Home","item":"https:\/\/caredanmark.co\/"},{"@type":"ListItem","position":2,"name":"Historier"}]},{"@type":"WebSite","@id":"https:\/\/caredanmark.co\/#website","url":"https:\/\/caredanmark.co\/","name":"Act Now for Klimaretf\u00e6rdighed","description":"Det er den samme storm men vi er ikke i samme b\u00e5d","potentialAction":[{"@type":"SearchAction","target":{"@type":"EntryPoint","urlTemplate":"https:\/\/caredanmark.co\/?s={search_term_string}"},"query-input":{"@type":"PropertyValueSpecification","valueRequired":true,"valueName":"search_term_string"}}],"inLanguage":"da-DK"}]}},"_links":{"self":[{"href":"https:\/\/caredanmark.co\/index.php\/wp-json\/wp\/v2\/pages\/84951","targetHints":{"allow":["GET"]}}],"collection":[{"href":"https:\/\/caredanmark.co\/index.php\/wp-json\/wp\/v2\/pages"}],"about":[{"href":"https:\/\/caredanmark.co\/index.php\/wp-json\/wp\/v2\/types\/page"}],"author":[{"embeddable":true,"href":"https:\/\/caredanmark.co\/index.php\/wp-json\/wp\/v2\/users\/2"}],"replies":[{"embeddable":true,"href":"https:\/\/caredanmark.co\/index.php\/wp-json\/wp\/v2\/comments?post=84951"}],"version-history":[{"count":16,"href":"https:\/\/caredanmark.co\/index.php\/wp-json\/wp\/v2\/pages\/84951\/revisions"}],"predecessor-version":[{"id":85077,"href":"https:\/\/caredanmark.co\/index.php\/wp-json\/wp\/v2\/pages\/84951\/revisions\/85077"}],"wp:attachment":[{"href":"https:\/\/caredanmark.co\/index.php\/wp-json\/wp\/v2\/media?parent=84951"}],"curies":[{"name":"wp","href":"https:\/\/api.w.org\/{rel}","templated":true}]}}